{"id":7,"date":"2026-03-10T13:05:46","date_gmt":"2026-03-10T13:05:46","guid":{"rendered":"https:\/\/congresso.escoladepais.org.br\/?page_id=7"},"modified":"2026-03-10T13:05:46","modified_gmt":"2026-03-10T13:05:46","slug":"pagina-inicial","status":"publish","type":"page","link":"https:\/\/congresso.escoladepais.org.br\/","title":{"rendered":"P\u00e1gina inicial"},"content":{"rendered":"\n<p>Boas-vindas ao seu site! Esta \u00e9 sua p\u00e1gina inicial, que \u00e9 a p\u00e1gina que a maioria dos visitantes vai ver ao acessar o seu site pela primeira vez.<\/p>\n","protected":false},"excerpt":{"rendered":"<p>Boas-vindas ao seu site! Esta \u00e9 sua p\u00e1gina inicial, que \u00e9 a p\u00e1gina que a maioria dos visitantes vai ver ao acessar o seu site pela primeira vez.<\/p>\n","protected":false},"author":1,"featured_media":0,"parent":0,"menu_order":0,"comment_status":"closed","ping_status":"closed","template":"","meta":{"footnotes":""},"class_list":["post-7","page","type-page","status-publish","hentry"],"_links":{"self":[{"href":"https:\/\/congresso.escoladepais.org.br\/index.php?rest_route=\/wp\/v2\/pages\/7","targetHints":{"allow":["GET"]}}],"collection":[{"href":"https:\/\/congresso.escoladepais.org.br\/index.php?rest_route=\/wp\/v2\/pages"}],"about":[{"href":"https:\/\/congresso.escoladepais.org.br\/index.php?rest_route=\/wp\/v2\/types\/page"}],"author":[{"embeddable":true,"href":"https:\/\/congresso.escoladepais.org.br\/index.php?rest_route=\/wp\/v2\/users\/1"}],"replies":[{"embeddable":true,"href":"https:\/\/congresso.escoladepais.org.br\/index.php?rest_route=%2Fwp%2Fv2%2Fcomments&post=7"}],"version-history":[{"count":2,"href":"https:\/\/congresso.escoladepais.org.br\/index.php?rest_route=\/wp\/v2\/pages\/7\/revisions"}],"predecessor-version":[{"id":29,"href":"https:\/\/congresso.escoladepais.org.br\/index.php?rest_route=\/wp\/v2\/pages\/7\/revisions\/29"}],"wp:attachment":[{"href":"https:\/\/congresso.escoladepais.org.br\/index.php?rest_route=%2Fwp%2Fv2%2Fmedia&parent=7"}],"curies":[{"name":"wp","href":"https:\/\/api.w.org\/{rel}","templated":true}]}}